{"id":164,"date":"2024-12-16T17:35:02","date_gmt":"2024-12-16T17:35:02","guid":{"rendered":"https:\/\/horecatec.pt\/?page_id=164"},"modified":"2025-01-14T15:16:56","modified_gmt":"2025-01-14T15:16:56","slug":"assistencia-tecnica","status":"publish","type":"page","link":"https:\/\/horecatec.pt\/?page_id=164","title":{"rendered":"Assist\u00eancia T\u00e9cnica"},"content":{"rendered":"\t\t<div data-elementor-type=\"wp-page\" data-elementor-id=\"164\" class=\"elementor elementor-164\">\n\t\t\t\t\t\t<section class=\"elementor-section elementor-top-section elementor-element elementor-element-da114a7 elementor-section-stretched elementor-section-full_width elementor-section-height-default elementor-section-height-default\" data-id=\"da114a7\" data-element_type=\"section\" id=\"welcomes\" data-settings=\"{&quot;stretch_section&quot;:&quot;section-stretched&quot;}\">\n\t\t\t\t\t\t<div class=\"elementor-container elementor-column-gap-no\">\n\t\t\t\t\t<div class=\"elementor-column elementor-col-100 elementor-top-column elementor-element elementor-element-3167ee0\" data-id=\"3167ee0\" data-element_type=\"column\">\n\t\t\t<div class=\"elementor-widget-wrap elementor-element-populated\">\n\t\t\t\t\t\t<div class=\"elementor-element elementor-element-7cdf0a9 elementor-widget elementor-widget-slider_revolution\" data-id=\"7cdf0a9\" data-element_type=\"widget\" data-widget_type=\"slider_revolution.default\">\n\t\t\t\t<div class=\"elementor-widget-container\">\n\t\t\t\t\t\n\t\t<div class=\"wp-block-themepunch-revslider\">\n\t\t\t\t<p class=\"rs-p-wp-fix\"><\/p>\n\t\t\t\t<sr7-module data-alias=\"avas-nice-and-clean-header-1\" data-id=\"4\" id=\"welcome\" class=\"rs-ov-hidden\" data-version=\"6.7.20\">\n\t\t\t\t\t<sr7-adjuster><\/sr7-adjuster>\n\t\t\t\t\t<sr7-content>\n\t\t\t\t\t\t<sr7-slide id=\"welcome-11\" data-key=\"11\">\n\t\t\t\t\t\t\t<sr7-bg id=\"welcome-11-8\" class=\"sr7-layer\"><noscript><img decoding=\"async\" src=\"https:\/\/horecatec.pt\/wp-content\/uploads\/2025\/01\/WhatsApp-Image-2025-01-15-at-18.51.48.jpeg\" alt=\"\" title=\"WhatsApp Image 2025-01-15 at 18.51.48\"><\/noscript><\/sr7-bg>\n\t\t\t\t\t\t\t<sr7-txt id=\"welcome-11-1\" class=\"sr7-layer\">Solu\u00e7\u00f5es R\u00e1pidas, Confian\u00e7a Garantida!<\/sr7-txt>\n\t\t\t\t\t\t\t<sr7-txt id=\"welcome-11-2\" class=\"sr7-layer\">Assist\u00eancia T\u00e9cnica Horecatec<\/sr7-txt>\n\t\t\t\t\t\t<\/sr7-slide>\n\t\t\t\t\t\t<sr7-slide id=\"welcome-12\" data-key=\"12\">\n\t\t\t\t\t\t<\/sr7-slide>\n\t\t\t\t\t<\/sr7-content>\n\t\t\t\t\t<image_lists style=\"display:none\">\n\t\t\t\t\t\t<img data-src=\"\/\/horecatec.pt\/wp-content\/plugins\/revslider\/public\/assets\/svg\/hardware\/ic_keyboard_arrow_down_24px.svg\" width=\"0\" height=\"0\" data-dbsrc=\"Ly9ob3JlY2F0ZWMucHQvd3AtY29udGVudC9wbHVnaW5zL3JldnNsaWRlci9wdWJsaWMvYXNzZXRzL3N2Zy9oYXJkd2FyZS9pY19rZXlib2FyZF9hcnJvd19kb3duXzI0cHguc3Zn\"\/>\n\t\t\t\t\t\t<img data-src=\"\/\/horecatec.pt\/wp-content\/uploads\/2025\/01\/WhatsApp-Image-2025-01-15-at-18.51.48.jpeg\" data-libid=\"250\" data-lib=\"medialibrary\" title=\"WhatsApp Image 2025-01-15 at 18.51.48\" width=\"0\" height=\"0\" data-dbsrc=\"Ly9ob3JlY2F0ZWMucHQvd3AtY29udGVudC91cGxvYWRzLzIwMjUvMDEvV2hhdHNBcHAtSW1hZ2UtMjAyNS0wMS0xNS1hdC0xOC41MS40OC5qcGVn\"\/>\n\t\t\t\t\t<\/image_lists>\n\t\t\t\t<\/sr7-module>\n\t\t\t\t<script>\n\t\t\t\t\tSR7.PMH ??={}; SR7.PMH[\"welcome\"] = {cn:0,state:false,fn: function() { if (_tpt!==undefined && _tpt.prepareModuleHeight !== undefined) {  _tpt.prepareModuleHeight({id:\"welcome\",el:[868,868,768,960,720],type:'hero',shdw:'0',gh:[868,868,768,960,720],gw:[1240,1240,1024,778,480],vpt:['20%&#039;,&#039;20%&#039;,&#039;20%&#039;,&#039;20%&#039;,&#039;20%'],size:{fullWidth:true, fullHeight:true},fho:',',mh:'0',onh:0,onw:0,bg:{color:'{\"type\":\"solid\",\"orig\":\"#2d3032\",\"string\":\"rgba(45, 48, 50, 1)\"}'},plType:'3',plColor:'#313437'});   SR7.PMH[\"welcome\"].state=true;} else if((SR7.PMH[\"welcome\"].cn++)<100)\tsetTimeout( SR7.PMH[\"welcome\"].fn,19);}};SR7.PMH[\"welcome\" ].fn();\n\t\t\t\t<\/script>\n<\/div>\n\n\t\t\t\t\t\t<\/div>\n\t\t\t\t<\/div>\n\t\t\t\t\t<\/div>\n\t\t<\/div>\n\t\t\t\t\t<\/div>\n\t\t<\/section>\n\t\t\t\t<section class=\"elementor-section elementor-top-section elementor-element elementor-element-45d4b90 elementor-section-stretched elementor-section-boxed elementor-section-height-default elementor-section-height-default\" data-id=\"45d4b90\" data-element_type=\"section\" id=\"about-us\" data-settings=\"{&quot;stretch_section&quot;:&quot;section-stretched&quot;,&quot;background_background&quot;:&quot;classic&quot;}\">\n\t\t\t\t\t\t<div class=\"elementor-container elementor-column-gap-default\">\n\t\t\t\t\t<div class=\"elementor-column elementor-col-50 elementor-top-column elementor-element elementor-element-a247805 elementor-invisible\" data-id=\"a247805\" data-element_type=\"column\" data-settings=\"{&quot;animation&quot;:&quot;fadeInLeft&quot;}\">\n\t\t\t<div class=\"elementor-widget-wrap elementor-element-populated\">\n\t\t\t\t\t\t<div class=\"elementor-element elementor-element-6199f4b tx-hd-align-left elementor-widget elementor-widget-avas-heading\" data-id=\"6199f4b\" data-element_type=\"widget\" data-widget_type=\"avas-heading.default\">\n\t\t\t\t<div class=\"elementor-widget-container\">\n\t\t\t\t\t        <div class=\"tx-hd-wrap\">\n\n            <div class=\"tx-hd-wm\"><\/div>\n\n            \n            <div class=\"tx-hd-sub\"><\/div>\n                        <h2 class=\"tx-hd-title\">\n                <span class=\"tx-hd-first-part\">Assist\u00eancia T\u00e9cnica Horecatec<\/span>\n                <span class=\"tx-hd-last-part\"><\/span>\n            <\/h2>    \n            \n            <div class=\"tx-hd-desc\"><p>Na Horecatec, estamos prontos para ajud\u00e1-lo com qualquer necessidade de assist\u00eancia t\u00e9cnica nos seus equipamentos. Sabemos que um problema t\u00e9cnico pode impactar o funcionamento do seu neg\u00f3cio, por isso, garantimos um servi\u00e7o r\u00e1pido, eficiente e de alta qualidade.<\/p><p>Preencha o formul\u00e1rio abaixo com os seus dados e descreva o problema t\u00e9cnico de forma detalhada. A nossa equipa entrar\u00e1 em contacto consigo o mais breve poss\u00edvel para solucionar a situa\u00e7\u00e3o.<\/p><p><strong>Porqu\u00ea escolher a Horecatec?<\/strong><\/p><ul><li><strong>Especializa\u00e7\u00e3o<\/strong>: Profissionais qualificados e experientes.<\/li><li><strong>Rapidez<\/strong>: Resposta \u00e1gil para minimizar qualquer interrup\u00e7\u00e3o.<\/li><li><strong>Confian\u00e7a<\/strong>: Solu\u00e7\u00f5es eficazes e personalizadas.<\/li><\/ul><p>Estamos aqui para manter o seu neg\u00f3cio em pleno funcionamento. Preencha o formul\u00e1rio e deixe o resto connosco!<\/p><\/div>\n\n\n                   \n        <\/div><!-- tx-hd-wrap -->\n\n\n\n\n\n\n\n\n\t\t\t\t<\/div>\n\t\t\t\t<\/div>\n\t\t\t\t\t<\/div>\n\t\t<\/div>\n\t\t\t\t<div class=\"elementor-column elementor-col-50 elementor-top-column elementor-element elementor-element-be65858 elementor-invisible\" data-id=\"be65858\" data-element_type=\"column\" data-settings=\"{&quot;animation&quot;:&quot;fadeInRight&quot;}\">\n\t\t\t<div class=\"elementor-widget-wrap elementor-element-populated\">\n\t\t\t\t\t\t<div class=\"elementor-element elementor-element-8680940 elementor-widget elementor-widget-avas-contact-form-7\" data-id=\"8680940\" data-element_type=\"widget\" data-widget_type=\"avas-contact-form-7.default\">\n\t\t\t\t<div class=\"elementor-widget-container\">\n\t\t\t\t\t        \n                <div class=\"tx-contact-form-7\">\n\n           \n<div class=\"wpcf7 no-js\" id=\"wpcf7-f169-o1\" lang=\"en-US\" dir=\"ltr\" data-wpcf7-id=\"169\">\n<div class=\"screen-reader-response\"><p role=\"status\" aria-live=\"polite\" aria-atomic=\"true\"><\/p> <ul><\/ul><\/div>\n<form action=\"\/index.php?rest_route=%2Fwp%2Fv2%2Fpages%2F164#wpcf7-f169-o1\" method=\"post\" class=\"wpcf7-form init\" aria-label=\"Contact form\" novalidate=\"novalidate\" data-status=\"init\">\n<fieldset class=\"hidden-fields-container\"><input type=\"hidden\" name=\"_wpcf7\" value=\"169\" \/><input type=\"hidden\" name=\"_wpcf7_version\" value=\"6.1.5\" \/><input type=\"hidden\" name=\"_wpcf7_locale\" value=\"en_US\" \/><input type=\"hidden\" name=\"_wpcf7_unit_tag\" value=\"wpcf7-f169-o1\" \/><input type=\"hidden\" name=\"_wpcf7_container_post\" value=\"0\" \/><input type=\"hidden\" name=\"_wpcf7_posted_data_hash\" value=\"\" \/>\n<\/fieldset>\n<p><label> Nome<br \/>\n<span class=\"wpcf7-form-control-wrap\" data-name=\"your-name\"><input size=\"40\" maxlength=\"400\" class=\"wpcf7-form-control wpcf7-text wpcf7-validates-as-required\" autocomplete=\"name\" aria-required=\"true\" aria-invalid=\"false\" value=\"\" type=\"text\" name=\"your-name\" \/><\/span> <\/label>\n<\/p>\n<p><label> NIF<br \/>\n<span class=\"wpcf7-form-control-wrap\" data-name=\"NIF\"><input size=\"40\" maxlength=\"400\" class=\"wpcf7-form-control wpcf7-text\" aria-invalid=\"false\" value=\"\" type=\"text\" name=\"NIF\" \/><\/span> <\/label>\n<\/p>\n<p><label> Morada<br \/>\n<span class=\"wpcf7-form-control-wrap\" data-name=\"morada\"><input size=\"40\" maxlength=\"400\" class=\"wpcf7-form-control wpcf7-text\" autocomplete=\"morada\" aria-invalid=\"false\" value=\"\" type=\"text\" name=\"morada\" \/><\/span> <\/label>\n<\/p>\n<p><label> Telem\u00f3vel<br \/>\n<span class=\"wpcf7-form-control-wrap\" data-name=\"CONTACTO\"><input size=\"40\" maxlength=\"400\" class=\"wpcf7-form-control wpcf7-tel wpcf7-validates-as-required wpcf7-text wpcf7-validates-as-tel\" autocomplete=\"contacto\" aria-required=\"true\" aria-invalid=\"false\" value=\"\" type=\"tel\" name=\"CONTACTO\" \/><\/span> <\/label>\n<\/p>\n<p><label> Email<br \/>\n<span class=\"wpcf7-form-control-wrap\" data-name=\"your-email\"><input size=\"40\" maxlength=\"400\" class=\"wpcf7-form-control wpcf7-email wpcf7-validates-as-required wpcf7-text wpcf7-validates-as-email\" autocomplete=\"email\" aria-required=\"true\" aria-invalid=\"false\" value=\"\" type=\"email\" name=\"your-email\" \/><\/span> <\/label>\n<\/p>\n<p><label> Assunto<br \/>\n<span class=\"wpcf7-form-control-wrap\" data-name=\"your-subject\"><input size=\"40\" maxlength=\"400\" class=\"wpcf7-form-control wpcf7-text wpcf7-validates-as-required\" aria-required=\"true\" aria-invalid=\"false\" value=\"\" type=\"text\" name=\"your-subject\" \/><\/span> <\/label>\n<\/p>\n<p><label> Descri\u00e7\u00e3o do Problema<br \/>\n<span class=\"wpcf7-form-control-wrap\" data-name=\"descricaoproblema\"><textarea cols=\"40\" rows=\"10\" maxlength=\"2000\" class=\"wpcf7-form-control wpcf7-textarea wpcf7-validates-as-required\" aria-required=\"true\" aria-invalid=\"false\" name=\"descricaoproblema\"><\/textarea><\/span> <\/label>\n<\/p>\n<p><input class=\"wpcf7-form-control wpcf7-submit has-spinner\" type=\"submit\" value=\"Enviar\" \/>\n<\/p><input type=\"hidden\" id=\"ct_checkjs_cf7_d554f7bb7be44a7267068a7df88ddd20\" name=\"ct_checkjs_cf7\" value=\"0\" \/><script >setTimeout(function(){var ct_input_name = \"ct_checkjs_cf7_d554f7bb7be44a7267068a7df88ddd20\";if (document.getElementById(ct_input_name) !== null) {var ct_input_value = document.getElementById(ct_input_name).value;document.getElementById(ct_input_name).value = document.getElementById(ct_input_name).value.replace(ct_input_value, '1941885617');}}, 1000);<\/script><input\n                    class=\"apbct_special_field apbct_email_id__wp_contact_form_7\"\n                    name=\"apbct__email_id__wp_contact_form_7\"\n                    aria-label=\"apbct__label_id__wp_contact_form_7\"\n                    type=\"text\" size=\"30\" maxlength=\"200\" autocomplete=\"off\"\n                    value=\"\"\n                \/><div class=\"wpcf7-response-output\" aria-hidden=\"true\"><\/div>\n<input\n                    class=\"apbct_special_field apbct_email_id__elementor_form\"\n                    name=\"apbct__email_id__elementor_form\"\n                    aria-label=\"apbct__label_id__elementor_form\"\n                    type=\"text\" size=\"30\" maxlength=\"200\" autocomplete=\"off\"\n                    value=\"\"\n                \/><\/form>\n<\/div>\n       \n        <\/div><!-- tx-contact-form-7 -->\n        \n    \t\t\t\t<\/div>\n\t\t\t\t<\/div>\n\t\t\t\t\t<\/div>\n\t\t<\/div>\n\t\t\t\t\t<\/div>\n\t\t<\/section>\n\t\t\t\t<section class=\"elementor-section elementor-top-section elementor-element elementor-element-a40682c elementor-section-stretched elementor-section-boxed elementor-section-height-default elementor-section-height-default\" data-id=\"a40682c\" data-element_type=\"section\" id=\"get-started\" data-settings=\"{&quot;stretch_section&quot;:&quot;section-stretched&quot;,&quot;background_background&quot;:&quot;gradient&quot;}\">\n\t\t\t\t\t\t\t<div class=\"elementor-background-overlay\"><\/div>\n\t\t\t\t\t\t\t<div class=\"elementor-container elementor-column-gap-default\">\n\t\t\t\t\t<div class=\"elementor-column elementor-col-100 elementor-top-column elementor-element elementor-element-4bd7369\" data-id=\"4bd7369\" data-element_type=\"column\">\n\t\t\t<div class=\"elementor-widget-wrap elementor-element-populated\">\n\t\t\t\t\t\t<div class=\"elementor-element elementor-element-ec8e74e tx-hd-align-center elementor-invisible elementor-widget elementor-widget-avas-heading\" data-id=\"ec8e74e\" data-element_type=\"widget\" data-settings=\"{&quot;_animation&quot;:&quot;zoomIn&quot;}\" data-widget_type=\"avas-heading.default\">\n\t\t\t\t<div class=\"elementor-widget-container\">\n\t\t\t\t\t        <div class=\"tx-hd-wrap\">\n\n            <div class=\"tx-hd-wm\"><\/div>\n\n            \n            <div class=\"tx-hd-sub\"><\/div>\n                        <h2 class=\"tx-hd-title\">\n                <span class=\"tx-hd-first-part\">Pronto para inovar?<\/span>\n                <span class=\"tx-hd-last-part\"><\/span>\n            <\/h2>    \n            \n            <div class=\"tx-hd-desc\">Junte-se a n\u00f3s e descubra como podemos trabalhar juntos para transformar as suas ideias em solu\u00e7\u00f5es inovadoras<\/div>\n\n\n                   \n        <\/div><!-- tx-hd-wrap -->\n\n\n\n\n\n\n\n\n\t\t\t\t<\/div>\n\t\t\t\t<\/div>\n\t\t\t\t<div class=\"elementor-element elementor-element-2b18b31 elementor-align-center elementor-invisible elementor-widget elementor-widget-button\" data-id=\"2b18b31\" data-element_type=\"widget\" data-settings=\"{&quot;_animation&quot;:&quot;flash&quot;}\" data-widget_type=\"button.default\">\n\t\t\t\t<div class=\"elementor-widget-container\">\n\t\t\t\t\t\t\t\t\t<div class=\"elementor-button-wrapper\">\n\t\t\t\t\t<a class=\"elementor-button elementor-button-link elementor-size-md\" href=\"https:\/\/horecatec.pt\/#footer\">\n\t\t\t\t\t\t<span class=\"elementor-button-content-wrapper\">\n\t\t\t\t\t\t\t\t\t<span class=\"elementor-button-text\">Contactos<\/span>\n\t\t\t\t\t<\/span>\n\t\t\t\t\t<\/a>\n\t\t\t\t<\/div>\n\t\t\t\t\t\t\t\t<\/div>\n\t\t\t\t<\/div>\n\t\t\t\t\t<\/div>\n\t\t<\/div>\n\t\t\t\t\t<\/div>\n\t\t<\/section>\n\t\t\t\t<\/div>\n\t\t","protected":false},"excerpt":{"rendered":"<p class=\"tx-excerpt\">Assist\u00eancia T\u00e9cnica Horecatec Na Horecatec, estamos prontos para ajud\u00e1-lo com qualquer necessidade de assist\u00eancia t\u00e9cnica nos seus equipamentos. Sabemos que um problema t\u00e9cnico pode impactar o funcionamento do seu neg\u00f3cio, por isso, garantimos","protected":false},"author":1,"featured_media":0,"parent":0,"menu_order":0,"comment_status":"closed","ping_status":"closed","template":"templates\/blank.php","meta":{"footnotes":""},"class_list":["post-164","page","type-page","status-publish","hentry"],"_links":{"self":[{"href":"https:\/\/horecatec.pt\/index.php?rest_route=\/wp\/v2\/pages\/164","targetHints":{"allow":["GET"]}}],"collection":[{"href":"https:\/\/horecatec.pt\/index.php?rest_route=\/wp\/v2\/pages"}],"about":[{"href":"https:\/\/horecatec.pt\/index.php?rest_route=\/wp\/v2\/types\/page"}],"author":[{"embeddable":true,"href":"https:\/\/horecatec.pt\/index.php?rest_route=\/wp\/v2\/users\/1"}],"replies":[{"embeddable":true,"href":"https:\/\/horecatec.pt\/index.php?rest_route=%2Fwp%2Fv2%2Fcomments&post=164"}],"version-history":[{"count":16,"href":"https:\/\/horecatec.pt\/index.php?rest_route=\/wp\/v2\/pages\/164\/revisions"}],"predecessor-version":[{"id":232,"href":"https:\/\/horecatec.pt\/index.php?rest_route=\/wp\/v2\/pages\/164\/revisions\/232"}],"wp:attachment":[{"href":"https:\/\/horecatec.pt\/index.php?rest_route=%2Fwp%2Fv2%2Fmedia&parent=164"}],"curies":[{"name":"wp","href":"https:\/\/api.w.org\/{rel}","templated":true}]}}